{"id":255,"date":"2020-09-23T06:07:36","date_gmt":"2020-09-23T06:07:36","guid":{"rendered":"https:\/\/amazonia.ikiam.edu.ec\/?page_id=255"},"modified":"2021-03-31T22:25:07","modified_gmt":"2021-03-31T22:25:07","slug":"serafina-cerda","status":"publish","type":"page","link":"https:\/\/amazonia.ikiam.edu.ec\/?page_id=255","title":{"rendered":"Elementor #255"},"content":{"rendered":"\t\t<div data-elementor-type=\"wp-page\" data-elementor-id=\"255\" class=\"elementor elementor-255\" data-elementor-settings=\"[]\">\n\t\t\t\t\t\t<div class=\"elementor-inner\">\n\t\t\t\t\t\t\t<div class=\"elementor-section-wrap\">\n\t\t\t\t\t\t\t<section class=\"elementor-section elementor-top-section elementor-element elementor-element-cebf5a2 elementor-section-boxed elementor-section-height-default elementor-section-height-default\" data-id=\"cebf5a2\" data-element_type=\"section\" data-settings=\"{&quot;background_background&quot;:&quot;classic&quot;}\">\n\t\t\t\t\t\t\t<div class=\"elementor-background-overlay\"><\/div>\n\t\t\t\t\t\t\t<div class=\"elementor-container elementor-column-gap-default\">\n\t\t\t\t\t\t\t<div class=\"elementor-row\">\n\t\t\t\t\t<div class=\"elementor-column elementor-col-100 elementor-top-column elementor-element elementor-element-c20a02d\" data-id=\"c20a02d\" data-element_type=\"column\">\n\t\t\t<div class=\"elementor-column-wrap elementor-element-populated\">\n\t\t\t\t\t\t\t<div class=\"elementor-widget-wrap\">\n\t\t\t\t\t\t<div class=\"elementor-element elementor-element-4e73ca8 elementor-widget elementor-widget-heading\" data-id=\"4e73ca8\" data-element_type=\"widget\" data-widget_type=\"heading.default\">\n\t\t\t\t<div class=\"elementor-widget-container\">\n\t\t\t<h1 class=\"elementor-heading-title elementor-size-default\">Ficha Serafina cerda<\/h1>\t\t<\/div>\n\t\t\t\t<\/div>\n\t\t\t\t\t\t<\/div>\n\t\t\t\t\t<\/div>\n\t\t<\/div>\n\t\t\t\t\t\t\t\t<\/div>\n\t\t\t\t\t<\/div>\n\t\t<\/section>\n\t\t\t\t<section class=\"elementor-section elementor-top-section elementor-element elementor-element-4f6d13c elementor-section-boxed elementor-section-height-default elementor-section-height-default\" data-id=\"4f6d13c\" data-element_type=\"section\">\n\t\t\t\t\t\t<div class=\"elementor-container elementor-column-gap-default\">\n\t\t\t\t\t\t\t<div class=\"elementor-row\">\n\t\t\t\t\t<div class=\"elementor-column elementor-col-100 elementor-top-column elementor-element elementor-element-c4af04c\" data-id=\"c4af04c\" data-element_type=\"column\">\n\t\t\t<div class=\"elementor-column-wrap elementor-element-populated\">\n\t\t\t\t\t\t\t<div class=\"elementor-widget-wrap\">\n\t\t\t\t\t\t<div class=\"elementor-element elementor-element-bf584a6 elementor-widget elementor-widget-spacer\" data-id=\"bf584a6\" data-element_type=\"widget\" data-widget_type=\"spacer.default\">\n\t\t\t\t<div class=\"elementor-widget-container\">\n\t\t\t\t\t<div class=\"elementor-spacer\">\n\t\t\t<div class=\"elementor-spacer-inner\"><\/div>\n\t\t<\/div>\n\t\t\t\t<\/div>\n\t\t\t\t<\/div>\n\t\t\t\t\t\t<\/div>\n\t\t\t\t\t<\/div>\n\t\t<\/div>\n\t\t\t\t\t\t\t\t<\/div>\n\t\t\t\t\t<\/div>\n\t\t<\/section>\n\t\t\t\t<section class=\"elementor-section elementor-top-section elementor-element elementor-element-9800695 elementor-section-boxed elementor-section-height-default elementor-section-height-default\" data-id=\"9800695\" data-element_type=\"section\">\n\t\t\t\t\t\t<div class=\"elementor-container elementor-column-gap-default\">\n\t\t\t\t\t\t\t<div class=\"elementor-row\">\n\t\t\t\t\t<div class=\"elementor-column elementor-col-33 elementor-top-column elementor-element elementor-element-3955fc1\" data-id=\"3955fc1\" data-element_type=\"column\">\n\t\t\t<div class=\"elementor-column-wrap elementor-element-populated\">\n\t\t\t\t\t\t\t<div class=\"elementor-widget-wrap\">\n\t\t\t\t\t\t<div class=\"elementor-element elementor-element-1e15c4e elementor-widget elementor-widget-image\" data-id=\"1e15c4e\" data-element_type=\"widget\" data-widget_type=\"image.default\">\n\t\t\t\t<div class=\"elementor-widget-container\">\n\t\t\t\t\t<div class=\"elementor-image\">\n\t\t\t\t\t\t\t\t\t\t<img width=\"600\" height=\"800\" src=\"https:\/\/amazonia.ikiam.edu.ec\/wp-content\/uploads\/2020\/09\/fichaSerafina.jpg\" class=\"attachment-large size-large\" alt=\"\" loading=\"lazy\" srcset=\"https:\/\/amazonia.ikiam.edu.ec\/wp-content\/uploads\/2020\/09\/fichaSerafina.jpg 600w, https:\/\/amazonia.ikiam.edu.ec\/wp-content\/uploads\/2020\/09\/fichaSerafina-225x300.jpg 225w\" sizes=\"(max-width: 600px) 100vw, 600px\" \/>\t\t\t\t\t\t\t\t\t\t\t<\/div>\n\t\t\t\t<\/div>\n\t\t\t\t<\/div>\n\t\t\t\t<div class=\"elementor-element elementor-element-29426e7 elementor-align-center elementor-widget elementor-widget-button\" data-id=\"29426e7\" data-element_type=\"widget\" data-widget_type=\"button.default\">\n\t\t\t\t<div class=\"elementor-widget-container\">\n\t\t\t\t\t<div class=\"elementor-button-wrapper\">\n\t\t\t<a href=\"https:\/\/amazonia.ikiam.edu.ec\/wp-content\/uploads\/2021\/03\/PS1501512020000012-CERDA-GREFA-ISOLINA-SERAFINA-New.pdf\" class=\"elementor-button-link elementor-button elementor-size-lg\" role=\"button\">\n\t\t\t\t\t\t<span class=\"elementor-button-content-wrapper\">\n\t\t\t\t\t\t<span class=\"elementor-button-text\">M\u00e1s informaci\u00f3N<\/span>\n\t\t<\/span>\n\t\t\t\t\t<\/a>\n\t\t<\/div>\n\t\t\t\t<\/div>\n\t\t\t\t<\/div>\n\t\t\t\t\t\t<\/div>\n\t\t\t\t\t<\/div>\n\t\t<\/div>\n\t\t\t\t<div class=\"elementor-column elementor-col-66 elementor-top-column elementor-element elementor-element-5204a3e\" data-id=\"5204a3e\" data-element_type=\"column\" data-settings=\"{&quot;background_background&quot;:&quot;classic&quot;}\">\n\t\t\t<div class=\"elementor-column-wrap elementor-element-populated\">\n\t\t\t\t\t\t\t<div class=\"elementor-widget-wrap\">\n\t\t\t\t\t\t<div class=\"elementor-element elementor-element-ff43238 elementor-widget elementor-widget-text-editor\" data-id=\"ff43238\" data-element_type=\"widget\" data-widget_type=\"text-editor.default\">\n\t\t\t\t<div class=\"elementor-widget-container\">\n\t\t\t\t\t<div class=\"elementor-text-editor elementor-clearfix\"><table>\n<tbody>\n<tr>\n<td><strong>Nombre:<\/strong><\/td>\n<td>CERDA GREFA ISOLINA SERAFINA<\/td>\n<\/tr>\n<tr>\n<td><strong>Lengua originaria:<\/strong><\/td>\n<td>Kichwa Quijos -Amaz\u00f3nico<\/td>\n<\/tr>\n<tr>\n<td><strong>Artesanos (t\u00e9cnicas tradicionales):<\/strong><\/td>\n<td>Alfarer\u00eda<\/td>\n<\/tr>\n<tr>\n<td><strong>Denominaci\u00f3n:<\/strong><\/td>\n<td>Alfarer\u00eda de la provincia de Napo utilizando materiales y t\u00e9cnicas tradiconales (Ficha de registro de manifestaci\u00f3n)<\/td>\n<\/tr>\n<tr>\n<td><strong>\u00c1mbito:<\/strong><\/td>\n<td>T\u00e9cnicas artesanales tradicionales<\/td>\n<\/tr>\n<tr>\n<td><strong>Sub\u00e1mbito:<\/strong><\/td>\n<td>T\u00e9cnicas artesanales tradicionales<\/td>\n<\/tr>\n<tr>\n<td><strong>Detalle del sub\u00e1mbito:<\/strong><\/td>\n<td>Alfarer\u00eda<\/td>\n<\/tr>\n<tr>\n<td><strong>A\u00f1os de experiencia:<\/strong><\/td>\n<td>30 a\u00f1os<\/td>\n<\/tr>\n<\/tbody>\n<\/table><\/div>\n\t\t\t\t<\/div>\n\t\t\t\t<\/div>\n\t\t\t\t\t\t<\/div>\n\t\t\t\t\t<\/div>\n\t\t<\/div>\n\t\t\t\t\t\t\t\t<\/div>\n\t\t\t\t\t<\/div>\n\t\t<\/section>\n\t\t\t\t<section class=\"elementor-section elementor-top-section elementor-element elementor-element-445fffb elementor-section-boxed elementor-section-height-default elementor-section-height-default\" data-id=\"445fffb\" data-element_type=\"section\">\n\t\t\t\t\t\t<div class=\"elementor-container elementor-column-gap-default\">\n\t\t\t\t\t\t\t<div class=\"elementor-row\">\n\t\t\t\t\t<div class=\"elementor-column elementor-col-100 elementor-top-column elementor-element elementor-element-a458fa0\" data-id=\"a458fa0\" data-element_type=\"column\">\n\t\t\t<div class=\"elementor-column-wrap elementor-element-populated\">\n\t\t\t\t\t\t\t<div class=\"elementor-widget-wrap\">\n\t\t\t\t\t\t<div class=\"elementor-element elementor-element-8ec260d elementor-widget elementor-widget-spacer\" data-id=\"8ec260d\" data-element_type=\"widget\" data-widget_type=\"spacer.default\">\n\t\t\t\t<div class=\"elementor-widget-container\">\n\t\t\t\t\t<div class=\"elementor-spacer\">\n\t\t\t<div class=\"elementor-spacer-inner\"><\/div>\n\t\t<\/div>\n\t\t\t\t<\/div>\n\t\t\t\t<\/div>\n\t\t\t\t\t\t<\/div>\n\t\t\t\t\t<\/div>\n\t\t<\/div>\n\t\t\t\t\t\t\t\t<\/div>\n\t\t\t\t\t<\/div>\n\t\t<\/section>\n\t\t\t\t\t\t<\/div>\n\t\t\t\t\t\t<\/div>\n\t\t\t\t\t<\/div>\n\t\t","protected":false},"excerpt":{"rendered":"<p>Ficha Serafina cerda M\u00e1s informaci\u00f3N Nombre: CERDA GREFA ISOLINA SERAFINA Lengua originaria: Kichwa Quijos -Amaz\u00f3nico Artesanos (t\u00e9cnicas tradicionales): Alfarer\u00eda Denominaci\u00f3n: Alfarer\u00eda de la provincia de Napo utilizando materiales y t\u00e9cnicas tradiconales (Ficha de registro de manifestaci\u00f3n) \u00c1mbito: T\u00e9cnicas artesanales tradicionales Sub\u00e1mbito: T\u00e9cnicas artesanales tradicionales Detalle del sub\u00e1mbito: Alfarer\u00eda A\u00f1os de experiencia: 30 a\u00f1os<\/p>\n","protected":false},"author":2,"featured_media":0,"parent":0,"menu_order":0,"comment_status":"closed","ping_status":"closed","template":"page-templates\/template-pagebuilder-full-width.php","meta":[],"_links":{"self":[{"href":"https:\/\/amazonia.ikiam.edu.ec\/index.php?rest_route=\/wp\/v2\/pages\/255"}],"collection":[{"href":"https:\/\/amazonia.ikiam.edu.ec\/index.php?rest_route=\/wp\/v2\/pages"}],"about":[{"href":"https:\/\/amazonia.ikiam.edu.ec\/index.php?rest_route=\/wp\/v2\/types\/page"}],"author":[{"embeddable":true,"href":"https:\/\/amazonia.ikiam.edu.ec\/index.php?rest_route=\/wp\/v2\/users\/2"}],"replies":[{"embeddable":true,"href":"https:\/\/amazonia.ikiam.edu.ec\/index.php?rest_route=%2Fwp%2Fv2%2Fcomments&post=255"}],"version-history":[{"count":27,"href":"https:\/\/amazonia.ikiam.edu.ec\/index.php?rest_route=\/wp\/v2\/pages\/255\/revisions"}],"predecessor-version":[{"id":1267,"href":"https:\/\/amazonia.ikiam.edu.ec\/index.php?rest_route=\/wp\/v2\/pages\/255\/revisions\/1267"}],"wp:attachment":[{"href":"https:\/\/amazonia.ikiam.edu.ec\/index.php?rest_route=%2Fwp%2Fv2%2Fmedia&parent=255"}],"curies":[{"name":"wp","href":"https:\/\/api.w.org\/{rel}","templated":true}]}}