{"id":116,"date":"2020-09-20T00:41:02","date_gmt":"2020-09-20T00:41:02","guid":{"rendered":"https:\/\/amazonia.ikiam.edu.ec\/?page_id=116"},"modified":"2020-12-02T14:52:35","modified_gmt":"2020-12-02T14:52:35","slug":"portadores-de-conocimientos-ancestrales","status":"publish","type":"page","link":"https:\/\/amazonia.ikiam.edu.ec\/?page_id=116","title":{"rendered":"portadores de conocimientos ancestrales"},"content":{"rendered":"\t\t<div data-elementor-type=\"wp-page\" data-elementor-id=\"116\" class=\"elementor elementor-116\" data-elementor-settings=\"[]\">\n\t\t\t\t\t\t<div class=\"elementor-inner\">\n\t\t\t\t\t\t\t<div class=\"elementor-section-wrap\">\n\t\t\t\t\t\t\t<section class=\"elementor-section elementor-top-section elementor-element elementor-element-1073fff elementor-section-boxed elementor-section-height-default elementor-section-height-default\" data-id=\"1073fff\" data-element_type=\"section\" data-settings=\"{&quot;background_background&quot;:&quot;classic&quot;}\">\n\t\t\t\t\t\t\t<div class=\"elementor-background-overlay\"><\/div>\n\t\t\t\t\t\t\t<div class=\"elementor-container elementor-column-gap-default\">\n\t\t\t\t\t\t\t<div class=\"elementor-row\">\n\t\t\t\t\t<div class=\"elementor-column elementor-col-100 elementor-top-column elementor-element elementor-element-5625f20\" data-id=\"5625f20\" data-element_type=\"column\">\n\t\t\t<div class=\"elementor-column-wrap elementor-element-populated\">\n\t\t\t\t\t\t\t<div class=\"elementor-widget-wrap\">\n\t\t\t\t\t\t<div class=\"elementor-element elementor-element-62333e4 elementor-widget elementor-widget-heading\" data-id=\"62333e4\" data-element_type=\"widget\" data-widget_type=\"heading.default\">\n\t\t\t\t<div class=\"elementor-widget-container\">\n\t\t\t<h1 class=\"elementor-heading-title elementor-size-default\">conocimiento ancestral<\/h1>\t\t<\/div>\n\t\t\t\t<\/div>\n\t\t\t\t\t\t<\/div>\n\t\t\t\t\t<\/div>\n\t\t<\/div>\n\t\t\t\t\t\t\t\t<\/div>\n\t\t\t\t\t<\/div>\n\t\t<\/section>\n\t\t\t\t<section class=\"elementor-section elementor-top-section elementor-element elementor-element-71bf0b3 elementor-section-boxed elementor-section-height-default elementor-section-height-default\" data-id=\"71bf0b3\" data-element_type=\"section\">\n\t\t\t\t\t\t<div class=\"elementor-container elementor-column-gap-default\">\n\t\t\t\t\t\t\t<div class=\"elementor-row\">\n\t\t\t\t\t<div class=\"elementor-column elementor-col-100 elementor-top-column elementor-element elementor-element-497de4d\" data-id=\"497de4d\" data-element_type=\"column\">\n\t\t\t<div class=\"elementor-column-wrap elementor-element-populated\">\n\t\t\t\t\t\t\t<div class=\"elementor-widget-wrap\">\n\t\t\t\t\t\t<div class=\"elementor-element elementor-element-01120a7 elementor-widget elementor-widget-spacer\" data-id=\"01120a7\" data-element_type=\"widget\" data-widget_type=\"spacer.default\">\n\t\t\t\t<div class=\"elementor-widget-container\">\n\t\t\t\t\t<div class=\"elementor-spacer\">\n\t\t\t<div class=\"elementor-spacer-inner\"><\/div>\n\t\t<\/div>\n\t\t\t\t<\/div>\n\t\t\t\t<\/div>\n\t\t\t\t\t\t<\/div>\n\t\t\t\t\t<\/div>\n\t\t<\/div>\n\t\t\t\t\t\t\t\t<\/div>\n\t\t\t\t\t<\/div>\n\t\t<\/section>\n\t\t\t\t<section class=\"elementor-section elementor-top-section elementor-element elementor-element-90cc5b5 elementor-section-boxed elementor-section-height-default elementor-section-height-default\" data-id=\"90cc5b5\" data-element_type=\"section\">\n\t\t\t\t\t\t<div class=\"elementor-container elementor-column-gap-default\">\n\t\t\t\t\t\t\t<div class=\"elementor-row\">\n\t\t\t\t\t<div class=\"elementor-column elementor-col-100 elementor-top-column elementor-element elementor-element-c2cd253\" data-id=\"c2cd253\" data-element_type=\"column\">\n\t\t\t<div class=\"elementor-column-wrap elementor-element-populated\">\n\t\t\t\t\t\t\t<div class=\"elementor-widget-wrap\">\n\t\t\t\t\t\t<div class=\"elementor-element elementor-element-ab745dd elementor-widget elementor-widget-text-editor\" data-id=\"ab745dd\" data-element_type=\"widget\" data-widget_type=\"text-editor.default\">\n\t\t\t\t<div class=\"elementor-widget-container\">\n\t\t\t\t\t<div class=\"elementor-text-editor elementor-clearfix\"><p style=\"text-align: justify;\">Entre el a\u00f1o 2017 y 2018 como parte del proyecto Artesan\u00edas de Producci\u00f3n Milenaria, puesta en valor del patrimonio Cultural material e inmaterial a partir de la cer\u00e1mica, se realiz\u00f3 el registro de 30 artesanas y artesanos que trabajan con t\u00e9cnicas tradicionales en alfarer\u00eda, cester\u00eda, tallado, gastronom\u00eda y lavado en oro por bateo.<\/p><p style=\"text-align: justify;\">Producto de esta investigaci\u00f3n, se pudo hacer uso de la Ficha de Portadores de Conocimientos Ancestrales que desarrollaron y aprobaron el Instituto Nacional de Patrimonio Cultural. <\/p><\/div>\n\t\t\t\t<\/div>\n\t\t\t\t<\/div>\n\t\t\t\t\t\t<\/div>\n\t\t\t\t\t<\/div>\n\t\t<\/div>\n\t\t\t\t\t\t\t\t<\/div>\n\t\t\t\t\t<\/div>\n\t\t<\/section>\n\t\t\t\t<section class=\"elementor-section elementor-top-section elementor-element elementor-element-912bbbb elementor-section-boxed elementor-section-height-default elementor-section-height-default\" data-id=\"912bbbb\" data-element_type=\"section\">\n\t\t\t\t\t\t<div class=\"elementor-container elementor-column-gap-default\">\n\t\t\t\t\t\t\t<div class=\"elementor-row\">\n\t\t\t\t\t<div class=\"elementor-column elementor-col-33 elementor-top-column elementor-element elementor-element-824a382\" data-id=\"824a382\" data-element_type=\"column\">\n\t\t\t<div class=\"elementor-column-wrap elementor-element-populated\">\n\t\t\t\t\t\t\t<div class=\"elementor-widget-wrap\">\n\t\t\t\t\t\t<div class=\"elementor-element elementor-element-9f6e285 elementor-position-top elementor-vertical-align-top elementor-widget elementor-widget-image-box\" data-id=\"9f6e285\" data-element_type=\"widget\" data-widget_type=\"image-box.default\">\n\t\t\t\t<div class=\"elementor-widget-container\">\n\t\t\t<div class=\"elementor-image-box-wrapper\"><figure class=\"elementor-image-box-img\"><a href=\"https:\/\/amazonia.ikiam.edu.ec\/?page_id=255\"><img width=\"600\" height=\"600\" src=\"https:\/\/amazonia.ikiam.edu.ec\/wp-content\/uploads\/2020\/09\/serafinaCerda.jpg\" class=\"elementor-animation-grow attachment-full size-full\" alt=\"\" loading=\"lazy\" srcset=\"https:\/\/amazonia.ikiam.edu.ec\/wp-content\/uploads\/2020\/09\/serafinaCerda.jpg 600w, https:\/\/amazonia.ikiam.edu.ec\/wp-content\/uploads\/2020\/09\/serafinaCerda-300x300.jpg 300w, https:\/\/amazonia.ikiam.edu.ec\/wp-content\/uploads\/2020\/09\/serafinaCerda-150x150.jpg 150w\" sizes=\"(max-width: 600px) 100vw, 600px\" \/><\/a><\/figure><div class=\"elementor-image-box-content\"><h4 class=\"elementor-image-box-title\"><a href=\"https:\/\/amazonia.ikiam.edu.ec\/?page_id=255\">SERAFINA CERDA<\/a><\/h4><\/div><\/div>\t\t<\/div>\n\t\t\t\t<\/div>\n\t\t\t\t\t\t<\/div>\n\t\t\t\t\t<\/div>\n\t\t<\/div>\n\t\t\t\t<div class=\"elementor-column elementor-col-33 elementor-top-column elementor-element elementor-element-2813fc7\" data-id=\"2813fc7\" data-element_type=\"column\">\n\t\t\t<div class=\"elementor-column-wrap elementor-element-populated\">\n\t\t\t\t\t\t\t<div class=\"elementor-widget-wrap\">\n\t\t\t\t\t\t<div class=\"elementor-element elementor-element-cacc519 elementor-position-top elementor-vertical-align-top elementor-widget elementor-widget-image-box\" data-id=\"cacc519\" data-element_type=\"widget\" data-widget_type=\"image-box.default\">\n\t\t\t\t<div class=\"elementor-widget-container\">\n\t\t\t<div class=\"elementor-image-box-wrapper\"><figure class=\"elementor-image-box-img\"><a href=\"https:\/\/amazonia.ikiam.edu.ec\/?page_id=258\"><img width=\"600\" height=\"600\" src=\"https:\/\/amazonia.ikiam.edu.ec\/wp-content\/uploads\/2020\/09\/tiyuyacu.jpg\" class=\"elementor-animation-grow attachment-full size-full\" alt=\"\" loading=\"lazy\" srcset=\"https:\/\/amazonia.ikiam.edu.ec\/wp-content\/uploads\/2020\/09\/tiyuyacu.jpg 600w, https:\/\/amazonia.ikiam.edu.ec\/wp-content\/uploads\/2020\/09\/tiyuyacu-300x300.jpg 300w, https:\/\/amazonia.ikiam.edu.ec\/wp-content\/uploads\/2020\/09\/tiyuyacu-150x150.jpg 150w\" sizes=\"(max-width: 600px) 100vw, 600px\" \/><\/a><\/figure><div class=\"elementor-image-box-content\"><h4 class=\"elementor-image-box-title\"><a href=\"https:\/\/amazonia.ikiam.edu.ec\/?page_id=258\">Tiyuyacu<\/a><\/h4><\/div><\/div>\t\t<\/div>\n\t\t\t\t<\/div>\n\t\t\t\t\t\t<\/div>\n\t\t\t\t\t<\/div>\n\t\t<\/div>\n\t\t\t\t<div class=\"elementor-column elementor-col-33 elementor-top-column elementor-element elementor-element-9867446\" data-id=\"9867446\" data-element_type=\"column\">\n\t\t\t<div class=\"elementor-column-wrap elementor-element-populated\">\n\t\t\t\t\t\t\t<div class=\"elementor-widget-wrap\">\n\t\t\t\t\t\t<div class=\"elementor-element elementor-element-3290a6c elementor-position-top elementor-vertical-align-top elementor-widget elementor-widget-image-box\" data-id=\"3290a6c\" data-element_type=\"widget\" data-widget_type=\"image-box.default\">\n\t\t\t\t<div class=\"elementor-widget-container\">\n\t\t\t<div class=\"elementor-image-box-wrapper\"><figure class=\"elementor-image-box-img\"><a href=\"https:\/\/amazonia.ikiam.edu.ec\/?page_id=261\"><img width=\"600\" height=\"600\" src=\"https:\/\/amazonia.ikiam.edu.ec\/wp-content\/uploads\/2020\/09\/guayusa.jpg\" class=\"elementor-animation-grow attachment-full size-full\" alt=\"\" loading=\"lazy\" srcset=\"https:\/\/amazonia.ikiam.edu.ec\/wp-content\/uploads\/2020\/09\/guayusa.jpg 600w, https:\/\/amazonia.ikiam.edu.ec\/wp-content\/uploads\/2020\/09\/guayusa-300x300.jpg 300w, https:\/\/amazonia.ikiam.edu.ec\/wp-content\/uploads\/2020\/09\/guayusa-150x150.jpg 150w\" sizes=\"(max-width: 600px) 100vw, 600px\" \/><\/a><\/figure><div class=\"elementor-image-box-content\"><h4 class=\"elementor-image-box-title\"><a href=\"https:\/\/amazonia.ikiam.edu.ec\/?page_id=261\">KACHIWA\u00d1USCA\/GUAYUSA<\/a><\/h4><\/div><\/div>\t\t<\/div>\n\t\t\t\t<\/div>\n\t\t\t\t\t\t<\/div>\n\t\t\t\t\t<\/div>\n\t\t<\/div>\n\t\t\t\t\t\t\t\t<\/div>\n\t\t\t\t\t<\/div>\n\t\t<\/section>\n\t\t\t\t<section class=\"elementor-section elementor-top-section elementor-element elementor-element-80f7a67 elementor-section-boxed elementor-section-height-default elementor-section-height-default\" data-id=\"80f7a67\" data-element_type=\"section\">\n\t\t\t\t\t\t<div class=\"elementor-container elementor-column-gap-default\">\n\t\t\t\t\t\t\t<div class=\"elementor-row\">\n\t\t\t\t\t<div class=\"elementor-column elementor-col-100 elementor-top-column elementor-element elementor-element-f0d22d6\" data-id=\"f0d22d6\" data-element_type=\"column\">\n\t\t\t<div class=\"elementor-column-wrap elementor-element-populated\">\n\t\t\t\t\t\t\t<div class=\"elementor-widget-wrap\">\n\t\t\t\t\t\t<div class=\"elementor-element elementor-element-9adeb7d elementor-widget elementor-widget-spacer\" data-id=\"9adeb7d\" data-element_type=\"widget\" data-widget_type=\"spacer.default\">\n\t\t\t\t<div class=\"elementor-widget-container\">\n\t\t\t\t\t<div class=\"elementor-spacer\">\n\t\t\t<div class=\"elementor-spacer-inner\"><\/div>\n\t\t<\/div>\n\t\t\t\t<\/div>\n\t\t\t\t<\/div>\n\t\t\t\t\t\t<\/div>\n\t\t\t\t\t<\/div>\n\t\t<\/div>\n\t\t\t\t\t\t\t\t<\/div>\n\t\t\t\t\t<\/div>\n\t\t<\/section>\n\t\t\t\t<section class=\"elementor-section elementor-top-section elementor-element elementor-element-2c8fc0e elementor-section-boxed elementor-section-height-default elementor-section-height-default\" data-id=\"2c8fc0e\" data-element_type=\"section\">\n\t\t\t\t\t\t<div class=\"elementor-container elementor-column-gap-default\">\n\t\t\t\t\t\t\t<div class=\"elementor-row\">\n\t\t\t\t\t<div class=\"elementor-column elementor-col-33 elementor-top-column elementor-element elementor-element-f79d87e\" data-id=\"f79d87e\" data-element_type=\"column\">\n\t\t\t<div class=\"elementor-column-wrap elementor-element-populated\">\n\t\t\t\t\t\t\t<div class=\"elementor-widget-wrap\">\n\t\t\t\t\t\t<div class=\"elementor-element elementor-element-112fdf9 elementor-position-top elementor-vertical-align-top elementor-widget elementor-widget-image-box\" data-id=\"112fdf9\" data-element_type=\"widget\" data-widget_type=\"image-box.default\">\n\t\t\t\t<div class=\"elementor-widget-container\">\n\t\t\t<div class=\"elementor-image-box-wrapper\"><figure class=\"elementor-image-box-img\"><a href=\"https:\/\/amazonia.ikiam.edu.ec\/?page_id=1016\"><img width=\"600\" height=\"600\" src=\"https:\/\/amazonia.ikiam.edu.ec\/wp-content\/uploads\/2020\/12\/veneciaDereha.jpg\" class=\"elementor-animation-grow attachment-full size-full\" alt=\"\" loading=\"lazy\" srcset=\"https:\/\/amazonia.ikiam.edu.ec\/wp-content\/uploads\/2020\/12\/veneciaDereha.jpg 600w, https:\/\/amazonia.ikiam.edu.ec\/wp-content\/uploads\/2020\/12\/veneciaDereha-300x300.jpg 300w, https:\/\/amazonia.ikiam.edu.ec\/wp-content\/uploads\/2020\/12\/veneciaDereha-150x150.jpg 150w\" sizes=\"(max-width: 600px) 100vw, 600px\" \/><\/a><\/figure><div class=\"elementor-image-box-content\"><h4 class=\"elementor-image-box-title\"><a href=\"https:\/\/amazonia.ikiam.edu.ec\/?page_id=1016\">venecia derecha<\/a><\/h4><\/div><\/div>\t\t<\/div>\n\t\t\t\t<\/div>\n\t\t\t\t\t\t<\/div>\n\t\t\t\t\t<\/div>\n\t\t<\/div>\n\t\t\t\t<div class=\"elementor-column elementor-col-33 elementor-top-column elementor-element elementor-element-4809655\" data-id=\"4809655\" data-element_type=\"column\">\n\t\t\t<div class=\"elementor-column-wrap elementor-element-populated\">\n\t\t\t\t\t\t\t<div class=\"elementor-widget-wrap\">\n\t\t\t\t\t\t<div class=\"elementor-element elementor-element-892593a elementor-position-top elementor-vertical-align-top elementor-widget elementor-widget-image-box\" data-id=\"892593a\" data-element_type=\"widget\" data-widget_type=\"image-box.default\">\n\t\t\t\t<div class=\"elementor-widget-container\">\n\t\t\t<div class=\"elementor-image-box-wrapper\"><figure class=\"elementor-image-box-img\"><a href=\"https:\/\/amazonia.ikiam.edu.ec\/?page_id=1018\"><img width=\"600\" height=\"600\" src=\"https:\/\/amazonia.ikiam.edu.ec\/wp-content\/uploads\/2020\/12\/ahuano.jpg\" class=\"elementor-animation-grow attachment-full size-full\" alt=\"\" loading=\"lazy\" srcset=\"https:\/\/amazonia.ikiam.edu.ec\/wp-content\/uploads\/2020\/12\/ahuano.jpg 600w, https:\/\/amazonia.ikiam.edu.ec\/wp-content\/uploads\/2020\/12\/ahuano-300x300.jpg 300w, https:\/\/amazonia.ikiam.edu.ec\/wp-content\/uploads\/2020\/12\/ahuano-150x150.jpg 150w\" sizes=\"(max-width: 600px) 100vw, 600px\" \/><\/a><\/figure><div class=\"elementor-image-box-content\"><h4 class=\"elementor-image-box-title\"><a href=\"https:\/\/amazonia.ikiam.edu.ec\/?page_id=1018\">ahuano<\/a><\/h4><\/div><\/div>\t\t<\/div>\n\t\t\t\t<\/div>\n\t\t\t\t\t\t<\/div>\n\t\t\t\t\t<\/div>\n\t\t<\/div>\n\t\t\t\t<div class=\"elementor-column elementor-col-33 elementor-top-column elementor-element elementor-element-39d87df\" data-id=\"39d87df\" data-element_type=\"column\">\n\t\t\t<div class=\"elementor-column-wrap elementor-element-populated\">\n\t\t\t\t\t\t\t<div class=\"elementor-widget-wrap\">\n\t\t\t\t\t\t<div class=\"elementor-element elementor-element-7f749f9 elementor-position-top elementor-vertical-align-top elementor-widget elementor-widget-image-box\" data-id=\"7f749f9\" data-element_type=\"widget\" data-widget_type=\"image-box.default\">\n\t\t\t\t<div class=\"elementor-widget-container\">\n\t\t\t<div class=\"elementor-image-box-wrapper\"><figure class=\"elementor-image-box-img\"><a href=\"https:\/\/amazonia.ikiam.edu.ec\/?page_id=1020\"><img width=\"600\" height=\"600\" src=\"https:\/\/amazonia.ikiam.edu.ec\/wp-content\/uploads\/2020\/12\/santaRita.jpg\" class=\"elementor-animation-grow attachment-full size-full\" alt=\"\" loading=\"lazy\" srcset=\"https:\/\/amazonia.ikiam.edu.ec\/wp-content\/uploads\/2020\/12\/santaRita.jpg 600w, https:\/\/amazonia.ikiam.edu.ec\/wp-content\/uploads\/2020\/12\/santaRita-300x300.jpg 300w, https:\/\/amazonia.ikiam.edu.ec\/wp-content\/uploads\/2020\/12\/santaRita-150x150.jpg 150w\" sizes=\"(max-width: 600px) 100vw, 600px\" \/><\/a><\/figure><div class=\"elementor-image-box-content\"><h4 class=\"elementor-image-box-title\"><a href=\"https:\/\/amazonia.ikiam.edu.ec\/?page_id=1020\">santa rita<\/a><\/h4><\/div><\/div>\t\t<\/div>\n\t\t\t\t<\/div>\n\t\t\t\t\t\t<\/div>\n\t\t\t\t\t<\/div>\n\t\t<\/div>\n\t\t\t\t\t\t\t\t<\/div>\n\t\t\t\t\t<\/div>\n\t\t<\/section>\n\t\t\t\t<section class=\"elementor-section elementor-top-section elementor-element elementor-element-1981601 elementor-section-boxed elementor-section-height-default elementor-section-height-default\" data-id=\"1981601\" data-element_type=\"section\">\n\t\t\t\t\t\t<div class=\"elementor-container elementor-column-gap-default\">\n\t\t\t\t\t\t\t<div class=\"elementor-row\">\n\t\t\t\t\t<div class=\"elementor-column elementor-col-100 elementor-top-column elementor-element elementor-element-e64c136\" data-id=\"e64c136\" data-element_type=\"column\">\n\t\t\t<div class=\"elementor-column-wrap elementor-element-populated\">\n\t\t\t\t\t\t\t<div class=\"elementor-widget-wrap\">\n\t\t\t\t\t\t<div class=\"elementor-element elementor-element-d66fa85 elementor-widget elementor-widget-spacer\" data-id=\"d66fa85\" data-element_type=\"widget\" data-widget_type=\"spacer.default\">\n\t\t\t\t<div class=\"elementor-widget-container\">\n\t\t\t\t\t<div class=\"elementor-spacer\">\n\t\t\t<div class=\"elementor-spacer-inner\"><\/div>\n\t\t<\/div>\n\t\t\t\t<\/div>\n\t\t\t\t<\/div>\n\t\t\t\t\t\t<\/div>\n\t\t\t\t\t<\/div>\n\t\t<\/div>\n\t\t\t\t\t\t\t\t<\/div>\n\t\t\t\t\t<\/div>\n\t\t<\/section>\n\t\t\t\t<section class=\"elementor-section elementor-top-section elementor-element elementor-element-5733f6c elementor-section-boxed elementor-section-height-default elementor-section-height-default\" data-id=\"5733f6c\" data-element_type=\"section\">\n\t\t\t\t\t\t<div class=\"elementor-container elementor-column-gap-default\">\n\t\t\t\t\t\t\t<div class=\"elementor-row\">\n\t\t\t\t\t<div class=\"elementor-column elementor-col-100 elementor-top-column elementor-element elementor-element-8aaed24\" data-id=\"8aaed24\" data-element_type=\"column\">\n\t\t\t<div class=\"elementor-column-wrap elementor-element-populated\">\n\t\t\t\t\t\t\t<div class=\"elementor-widget-wrap\">\n\t\t\t\t\t\t<div class=\"elementor-element elementor-element-360241d elementor-widget elementor-widget-text-editor\" data-id=\"360241d\" data-element_type=\"widget\" data-widget_type=\"text-editor.default\">\n\t\t\t\t<div class=\"elementor-widget-container\">\n\t\t\t\t\t<div class=\"elementor-text-editor elementor-clearfix\"><p style=\"text-align: justify;\"><strong>C\u00f3mo citar:<\/strong><\/p><p style=\"text-align: justify;\">Solorzano Venegas, M. S. (2019). <em>Artesan\u00edas de producci\u00f3n Milenaria: Puesta en valor del Patrimonio Cultural Material e Inmaterial.<\/em> Tena: Informe presentado a la AECID y al Instituto Nacional de Patrimonio Cultural.<\/p><\/div>\n\t\t\t\t<\/div>\n\t\t\t\t<\/div>\n\t\t\t\t\t\t<\/div>\n\t\t\t\t\t<\/div>\n\t\t<\/div>\n\t\t\t\t\t\t\t\t<\/div>\n\t\t\t\t\t<\/div>\n\t\t<\/section>\n\t\t\t\t<section class=\"elementor-section elementor-top-section elementor-element elementor-element-25ac127 elementor-section-boxed elementor-section-height-default elementor-section-height-default\" data-id=\"25ac127\" data-element_type=\"section\">\n\t\t\t\t\t\t<div class=\"elementor-container elementor-column-gap-default\">\n\t\t\t\t\t\t\t<div class=\"elementor-row\">\n\t\t\t\t\t<div class=\"elementor-column elementor-col-100 elementor-top-column elementor-element elementor-element-4755991\" data-id=\"4755991\" data-element_type=\"column\">\n\t\t\t<div class=\"elementor-column-wrap elementor-element-populated\">\n\t\t\t\t\t\t\t<div class=\"elementor-widget-wrap\">\n\t\t\t\t\t\t<div class=\"elementor-element elementor-element-e194e90 elementor-widget elementor-widget-spacer\" data-id=\"e194e90\" data-element_type=\"widget\" data-widget_type=\"spacer.default\">\n\t\t\t\t<div class=\"elementor-widget-container\">\n\t\t\t\t\t<div class=\"elementor-spacer\">\n\t\t\t<div class=\"elementor-spacer-inner\"><\/div>\n\t\t<\/div>\n\t\t\t\t<\/div>\n\t\t\t\t<\/div>\n\t\t\t\t\t\t<\/div>\n\t\t\t\t\t<\/div>\n\t\t<\/div>\n\t\t\t\t\t\t\t\t<\/div>\n\t\t\t\t\t<\/div>\n\t\t<\/section>\n\t\t\t\t\t\t<\/div>\n\t\t\t\t\t\t<\/div>\n\t\t\t\t\t<\/div>\n\t\t","protected":false},"excerpt":{"rendered":"<p>conocimiento ancestral Entre el a\u00f1o 2017 y 2018 como parte del proyecto Artesan\u00edas de Producci\u00f3n Milenaria, puesta en valor del patrimonio Cultural material e inmaterial a partir de la cer\u00e1mica, se realiz\u00f3 el registro de 30 artesanas y artesanos que trabajan con t\u00e9cnicas tradicionales en alfarer\u00eda, cester\u00eda, tallado, gastronom\u00eda y lavado en oro por bateo.&hellip;&nbsp;<a href=\"https:\/\/amazonia.ikiam.edu.ec\/?page_id=116\" class=\"\" rel=\"bookmark\">Read More &raquo;<span class=\"screen-reader-text\">portadores de conocimientos ancestrales<\/span><\/a><\/p>\n","protected":false},"author":2,"featured_media":0,"parent":0,"menu_order":0,"comment_status":"closed","ping_status":"closed","template":"page-templates\/template-pagebuilder-full-width.php","meta":[],"_links":{"self":[{"href":"https:\/\/amazonia.ikiam.edu.ec\/index.php?rest_route=\/wp\/v2\/pages\/116"}],"collection":[{"href":"https:\/\/amazonia.ikiam.edu.ec\/index.php?rest_route=\/wp\/v2\/pages"}],"about":[{"href":"https:\/\/amazonia.ikiam.edu.ec\/index.php?rest_route=\/wp\/v2\/types\/page"}],"author":[{"embeddable":true,"href":"https:\/\/amazonia.ikiam.edu.ec\/index.php?rest_route=\/wp\/v2\/users\/2"}],"replies":[{"embeddable":true,"href":"https:\/\/amazonia.ikiam.edu.ec\/index.php?rest_route=%2Fwp%2Fv2%2Fcomments&post=116"}],"version-history":[{"count":35,"href":"https:\/\/amazonia.ikiam.edu.ec\/index.php?rest_route=\/wp\/v2\/pages\/116\/revisions"}],"predecessor-version":[{"id":1047,"href":"https:\/\/amazonia.ikiam.edu.ec\/index.php?rest_route=\/wp\/v2\/pages\/116\/revisions\/1047"}],"wp:attachment":[{"href":"https:\/\/amazonia.ikiam.edu.ec\/index.php?rest_route=%2Fwp%2Fv2%2Fmedia&parent=116"}],"curies":[{"name":"wp","href":"https:\/\/api.w.org\/{rel}","templated":true}]}}