{"id":114,"date":"2020-09-20T00:40:25","date_gmt":"2020-09-20T00:40:25","guid":{"rendered":"https:\/\/amazonia.ikiam.edu.ec\/?page_id=114"},"modified":"2020-09-28T21:05:24","modified_gmt":"2020-09-28T21:05:24","slug":"ficha-de-registro","status":"publish","type":"page","link":"https:\/\/amazonia.ikiam.edu.ec\/?page_id=114","title":{"rendered":"ficha de registro"},"content":{"rendered":"\t\t<div data-elementor-type=\"wp-page\" data-elementor-id=\"114\" class=\"elementor elementor-114\" data-elementor-settings=\"[]\">\n\t\t\t\t\t\t<div class=\"elementor-inner\">\n\t\t\t\t\t\t\t<div class=\"elementor-section-wrap\">\n\t\t\t\t\t\t\t<section class=\"elementor-section elementor-top-section elementor-element elementor-element-4ec4ac4 elementor-section-boxed elementor-section-height-default elementor-section-height-default\" data-id=\"4ec4ac4\" data-element_type=\"section\" data-settings=\"{&quot;background_background&quot;:&quot;classic&quot;}\">\n\t\t\t\t\t\t\t<div class=\"elementor-background-overlay\"><\/div>\n\t\t\t\t\t\t\t<div class=\"elementor-container elementor-column-gap-default\">\n\t\t\t\t\t\t\t<div class=\"elementor-row\">\n\t\t\t\t\t<div class=\"elementor-column elementor-col-100 elementor-top-column elementor-element elementor-element-209f95a\" data-id=\"209f95a\" data-element_type=\"column\">\n\t\t\t<div class=\"elementor-column-wrap elementor-element-populated\">\n\t\t\t\t\t\t\t<div class=\"elementor-widget-wrap\">\n\t\t\t\t\t\t<div class=\"elementor-element elementor-element-fce4352 elementor-widget elementor-widget-heading\" data-id=\"fce4352\" data-element_type=\"widget\" data-widget_type=\"heading.default\">\n\t\t\t\t<div class=\"elementor-widget-container\">\n\t\t\t<h1 class=\"elementor-heading-title elementor-size-default\">Ficha de registro<\/h1>\t\t<\/div>\n\t\t\t\t<\/div>\n\t\t\t\t\t\t<\/div>\n\t\t\t\t\t<\/div>\n\t\t<\/div>\n\t\t\t\t\t\t\t\t<\/div>\n\t\t\t\t\t<\/div>\n\t\t<\/section>\n\t\t\t\t<section class=\"elementor-section elementor-top-section elementor-element elementor-element-220625a elementor-section-boxed elementor-section-height-default elementor-section-height-default\" data-id=\"220625a\" data-element_type=\"section\">\n\t\t\t\t\t\t<div class=\"elementor-container elementor-column-gap-default\">\n\t\t\t\t\t\t\t<div class=\"elementor-row\">\n\t\t\t\t\t<div class=\"elementor-column elementor-col-100 elementor-top-column elementor-element elementor-element-7952e47\" data-id=\"7952e47\" data-element_type=\"column\">\n\t\t\t<div class=\"elementor-column-wrap elementor-element-populated\">\n\t\t\t\t\t\t\t<div class=\"elementor-widget-wrap\">\n\t\t\t\t\t\t<div class=\"elementor-element elementor-element-31741ed elementor-widget elementor-widget-spacer\" data-id=\"31741ed\" data-element_type=\"widget\" data-widget_type=\"spacer.default\">\n\t\t\t\t<div class=\"elementor-widget-container\">\n\t\t\t\t\t<div class=\"elementor-spacer\">\n\t\t\t<div class=\"elementor-spacer-inner\"><\/div>\n\t\t<\/div>\n\t\t\t\t<\/div>\n\t\t\t\t<\/div>\n\t\t\t\t\t\t<\/div>\n\t\t\t\t\t<\/div>\n\t\t<\/div>\n\t\t\t\t\t\t\t\t<\/div>\n\t\t\t\t\t<\/div>\n\t\t<\/section>\n\t\t\t\t<section class=\"elementor-section elementor-top-section elementor-element elementor-element-d416e9a elementor-section-boxed elementor-section-height-default elementor-section-height-default\" data-id=\"d416e9a\" data-element_type=\"section\">\n\t\t\t\t\t\t<div class=\"elementor-container elementor-column-gap-default\">\n\t\t\t\t\t\t\t<div class=\"elementor-row\">\n\t\t\t\t\t<div class=\"elementor-column elementor-col-100 elementor-top-column elementor-element elementor-element-d670010\" data-id=\"d670010\" data-element_type=\"column\">\n\t\t\t<div class=\"elementor-column-wrap elementor-element-populated\">\n\t\t\t\t\t\t\t<div class=\"elementor-widget-wrap\">\n\t\t\t\t\t\t<div class=\"elementor-element elementor-element-71d4aee elementor-widget elementor-widget-heading\" data-id=\"71d4aee\" data-element_type=\"widget\" data-widget_type=\"heading.default\">\n\t\t\t\t<div class=\"elementor-widget-container\">\n\t\t\t<h3 class=\"elementor-heading-title elementor-size-default\"><p><span lang=\"ES-MX\">FICHA REGISTRO ALFARERIA NAPO<\/span><span style=\"letter-spacing: 0px;\"><\/span><\/p><\/h3>\t\t<\/div>\n\t\t\t\t<\/div>\n\t\t\t\t\t\t<\/div>\n\t\t\t\t\t<\/div>\n\t\t<\/div>\n\t\t\t\t\t\t\t\t<\/div>\n\t\t\t\t\t<\/div>\n\t\t<\/section>\n\t\t\t\t<section class=\"elementor-section elementor-top-section elementor-element elementor-element-6f9ea5b elementor-section-boxed elementor-section-height-default elementor-section-height-default\" data-id=\"6f9ea5b\" data-element_type=\"section\">\n\t\t\t\t\t\t<div class=\"elementor-container elementor-column-gap-default\">\n\t\t\t\t\t\t\t<div class=\"elementor-row\">\n\t\t\t\t\t<div class=\"elementor-column elementor-col-100 elementor-top-column elementor-element elementor-element-956979a\" data-id=\"956979a\" data-element_type=\"column\">\n\t\t\t<div class=\"elementor-column-wrap elementor-element-populated\">\n\t\t\t\t\t\t\t<div class=\"elementor-widget-wrap\">\n\t\t\t\t\t\t<div class=\"elementor-element elementor-element-8beabce elementor-widget elementor-widget-text-editor\" data-id=\"8beabce\" data-element_type=\"widget\" data-widget_type=\"text-editor.default\">\n\t\t\t\t<div class=\"elementor-widget-container\">\n\t\t\t\t\t<div class=\"elementor-text-editor elementor-clearfix\"><p><span style=\"letter-spacing: 0px;\">El 10 de Octubre de 2019, la alfarer\u00eda de la provincia de Napo obtuvo su ficha de inscripci\u00f3n como parte del Patrimonio Cultural del pa\u00eds, como parte del proyecto Artesan\u00edas de Producci\u00f3n Milenaria, desarrollado con el auspicio de la AECID.\u00a0<\/span><\/p><\/div>\n\t\t\t\t<\/div>\n\t\t\t\t<\/div>\n\t\t\t\t\t\t<\/div>\n\t\t\t\t\t<\/div>\n\t\t<\/div>\n\t\t\t\t\t\t\t\t<\/div>\n\t\t\t\t\t<\/div>\n\t\t<\/section>\n\t\t\t\t<section class=\"elementor-section elementor-top-section elementor-element elementor-element-9ad934e elementor-section-boxed elementor-section-height-default elementor-section-height-default\" data-id=\"9ad934e\" data-element_type=\"section\">\n\t\t\t\t\t\t<div class=\"elementor-container elementor-column-gap-default\">\n\t\t\t\t\t\t\t<div class=\"elementor-row\">\n\t\t\t\t\t<div class=\"elementor-column elementor-col-33 elementor-top-column elementor-element elementor-element-a65fa19\" data-id=\"a65fa19\" data-element_type=\"column\">\n\t\t\t<div class=\"elementor-column-wrap elementor-element-populated\">\n\t\t\t\t\t\t\t<div class=\"elementor-widget-wrap\">\n\t\t\t\t\t\t<div class=\"elementor-element elementor-element-d0cc6f1 elementor-widget elementor-widget-image\" data-id=\"d0cc6f1\" data-element_type=\"widget\" data-widget_type=\"image.default\">\n\t\t\t\t<div class=\"elementor-widget-container\">\n\t\t\t\t\t<div class=\"elementor-image\">\n\t\t\t\t\t\t\t\t\t\t<img width=\"600\" height=\"800\" src=\"https:\/\/amazonia.ikiam.edu.ec\/wp-content\/uploads\/2020\/09\/fichaTyuyacu.jpg\" class=\"attachment-large size-large\" alt=\"\" loading=\"lazy\" srcset=\"https:\/\/amazonia.ikiam.edu.ec\/wp-content\/uploads\/2020\/09\/fichaTyuyacu.jpg 600w, https:\/\/amazonia.ikiam.edu.ec\/wp-content\/uploads\/2020\/09\/fichaTyuyacu-225x300.jpg 225w\" sizes=\"(max-width: 600px) 100vw, 600px\" \/>\t\t\t\t\t\t\t\t\t\t\t<\/div>\n\t\t\t\t<\/div>\n\t\t\t\t<\/div>\n\t\t\t\t<div class=\"elementor-element elementor-element-ba6ccfc elementor-align-center elementor-widget elementor-widget-button\" data-id=\"ba6ccfc\" data-element_type=\"widget\" data-widget_type=\"button.default\">\n\t\t\t\t<div class=\"elementor-widget-container\">\n\t\t\t\t\t<div class=\"elementor-button-wrapper\">\n\t\t\t<a href=\"https:\/\/www.researchgate.net\/publication\/337049009_ALFARERIA_EN_LA_PROVINCIA_DE_NAPO_CANTONES_TENA_Y_ARCHIDONA_UTILIZANDO_TECNICAS_Y_HERRAMIENTAS_ANCESTRALES#fullTextFileContent\" class=\"elementor-button-link elementor-button elementor-size-md\" role=\"button\">\n\t\t\t\t\t\t<span class=\"elementor-button-content-wrapper\">\n\t\t\t\t\t\t<span class=\"elementor-button-text\">M\u00e1s informaci\u00f3n<\/span>\n\t\t<\/span>\n\t\t\t\t\t<\/a>\n\t\t<\/div>\n\t\t\t\t<\/div>\n\t\t\t\t<\/div>\n\t\t\t\t\t\t<\/div>\n\t\t\t\t\t<\/div>\n\t\t<\/div>\n\t\t\t\t<div class=\"elementor-column elementor-col-66 elementor-top-column elementor-element elementor-element-fbd3498\" data-id=\"fbd3498\" data-element_type=\"column\" data-settings=\"{&quot;background_background&quot;:&quot;classic&quot;}\">\n\t\t\t<div class=\"elementor-column-wrap elementor-element-populated\">\n\t\t\t\t\t\t\t<div class=\"elementor-widget-wrap\">\n\t\t\t\t\t\t<div class=\"elementor-element elementor-element-a44782a elementor-widget elementor-widget-text-editor\" data-id=\"a44782a\" data-element_type=\"widget\" data-widget_type=\"text-editor.default\">\n\t\t\t\t<div class=\"elementor-widget-container\">\n\t\t\t\t\t<div class=\"elementor-text-editor elementor-clearfix\"><table>\n<tbody>\n<tr>\n<td><strong>Localidad :<\/strong><\/td>\n<td>Tiyuyacu, Venecia ,derecha, Ahuano,San Pedro, Pimpilitu, Tena, Santa Rita, 20 de MAyo<\/td>\n<\/tr>\n<tr>\n<td><strong>Denominaci\u00f3n:<\/strong><\/td>\n<td>Alfarer\u00eda en la provincia de Napo, Cantones Tena y Archidona, Utilizando T\u00e9cnicas y materiales ancestrales<\/td>\n<\/tr>\n<tr>\n<td><strong>Grupo Social:<\/strong><\/td>\n<td>Kichwa Amaz\u00f3nico<\/td>\n<\/tr>\n<tr>\n<td><strong>Lengua:<\/strong><\/td>\n<td>Kichwa Amaz\u00f3nico<\/td>\n<\/tr>\n<tr>\n<td><strong>\u00c1mbito:<\/strong><\/td>\n<td>T\u00e9cnicas Artesanales Tradicionales<\/td>\n<\/tr>\n<tr>\n<td><strong>Sub\u00e1mbito:<\/strong><\/td>\n<td>T\u00e9cnicas Artesanesles Tradicionales<\/td>\n<\/tr>\n<tr>\n<td><strong>Detalle sub\u00e1mbito:<\/strong><\/td>\n<td>Alfarer\u00eda<\/td>\n<\/tr>\n<\/tbody>\n<\/table>\n<p>\u00a0<\/p><\/div>\n\t\t\t\t<\/div>\n\t\t\t\t<\/div>\n\t\t\t\t\t\t<\/div>\n\t\t\t\t\t<\/div>\n\t\t<\/div>\n\t\t\t\t\t\t\t\t<\/div>\n\t\t\t\t\t<\/div>\n\t\t<\/section>\n\t\t\t\t<section class=\"elementor-section elementor-top-section elementor-element elementor-element-e7418e8 elementor-section-boxed elementor-section-height-default elementor-section-height-default\" data-id=\"e7418e8\" data-element_type=\"section\">\n\t\t\t\t\t\t<div class=\"elementor-container elementor-column-gap-default\">\n\t\t\t\t\t\t\t<div class=\"elementor-row\">\n\t\t\t\t\t<div class=\"elementor-column elementor-col-100 elementor-top-column elementor-element elementor-element-96d4cd6\" data-id=\"96d4cd6\" data-element_type=\"column\">\n\t\t\t<div class=\"elementor-column-wrap elementor-element-populated\">\n\t\t\t\t\t\t\t<div class=\"elementor-widget-wrap\">\n\t\t\t\t\t\t<div class=\"elementor-element elementor-element-7065ba0 elementor-widget elementor-widget-spacer\" data-id=\"7065ba0\" data-element_type=\"widget\" data-widget_type=\"spacer.default\">\n\t\t\t\t<div class=\"elementor-widget-container\">\n\t\t\t\t\t<div class=\"elementor-spacer\">\n\t\t\t<div class=\"elementor-spacer-inner\"><\/div>\n\t\t<\/div>\n\t\t\t\t<\/div>\n\t\t\t\t<\/div>\n\t\t\t\t\t\t<\/div>\n\t\t\t\t\t<\/div>\n\t\t<\/div>\n\t\t\t\t\t\t\t\t<\/div>\n\t\t\t\t\t<\/div>\n\t\t<\/section>\n\t\t\t\t<section class=\"elementor-section elementor-top-section elementor-element elementor-element-1d33397 elementor-section-boxed elementor-section-height-default elementor-section-height-default\" data-id=\"1d33397\" data-element_type=\"section\">\n\t\t\t\t\t\t<div class=\"elementor-container elementor-column-gap-default\">\n\t\t\t\t\t\t\t<div class=\"elementor-row\">\n\t\t\t\t\t<div class=\"elementor-column elementor-col-100 elementor-top-column elementor-element elementor-element-8f05228\" data-id=\"8f05228\" data-element_type=\"column\">\n\t\t\t<div class=\"elementor-column-wrap elementor-element-populated\">\n\t\t\t\t\t\t\t<div class=\"elementor-widget-wrap\">\n\t\t\t\t\t\t<div class=\"elementor-element elementor-element-143ea90 elementor-widget elementor-widget-text-editor\" data-id=\"143ea90\" data-element_type=\"widget\" data-widget_type=\"text-editor.default\">\n\t\t\t\t<div class=\"elementor-widget-container\">\n\t\t\t\t\t<div class=\"elementor-text-editor elementor-clearfix\"><p style=\"text-align: justify;\"><strong>C\u00f3mo citar:<\/strong><\/p><p style=\"text-align: justify;\">Instituto Nacional de Patrimonio Cultural. (11 de noviembre de 2019). <em>Alfarer\u00eda de la Provincia de Napo, cantones Tena y Archidona, utilizando heramientas y materiales ancestrales<\/em>. Obtenido de Sistema de Informaci\u00f3n del Patrimonio Cultural del Ecuador: https:\/\/amazonia.ikiam.edu.ec\/?page_id=114<\/p><\/div>\n\t\t\t\t<\/div>\n\t\t\t\t<\/div>\n\t\t\t\t\t\t<\/div>\n\t\t\t\t\t<\/div>\n\t\t<\/div>\n\t\t\t\t\t\t\t\t<\/div>\n\t\t\t\t\t<\/div>\n\t\t<\/section>\n\t\t\t\t<section class=\"elementor-section elementor-top-section elementor-element elementor-element-b644556 elementor-section-boxed elementor-section-height-default elementor-section-height-default\" data-id=\"b644556\" data-element_type=\"section\">\n\t\t\t\t\t\t<div class=\"elementor-container elementor-column-gap-default\">\n\t\t\t\t\t\t\t<div class=\"elementor-row\">\n\t\t\t\t\t<div class=\"elementor-column elementor-col-100 elementor-top-column elementor-element elementor-element-df704ad\" data-id=\"df704ad\" data-element_type=\"column\">\n\t\t\t<div class=\"elementor-column-wrap elementor-element-populated\">\n\t\t\t\t\t\t\t<div class=\"elementor-widget-wrap\">\n\t\t\t\t\t\t<div class=\"elementor-element elementor-element-5819966 elementor-widget elementor-widget-spacer\" data-id=\"5819966\" data-element_type=\"widget\" data-widget_type=\"spacer.default\">\n\t\t\t\t<div class=\"elementor-widget-container\">\n\t\t\t\t\t<div class=\"elementor-spacer\">\n\t\t\t<div class=\"elementor-spacer-inner\"><\/div>\n\t\t<\/div>\n\t\t\t\t<\/div>\n\t\t\t\t<\/div>\n\t\t\t\t\t\t<\/div>\n\t\t\t\t\t<\/div>\n\t\t<\/div>\n\t\t\t\t\t\t\t\t<\/div>\n\t\t\t\t\t<\/div>\n\t\t<\/section>\n\t\t\t\t\t\t<\/div>\n\t\t\t\t\t\t<\/div>\n\t\t\t\t\t<\/div>\n\t\t","protected":false},"excerpt":{"rendered":"<p>Ficha de registro FICHA REGISTRO ALFARERIA NAPO El 10 de Octubre de 2019, la alfarer\u00eda de la provincia de Napo obtuvo su ficha de inscripci\u00f3n como parte del Patrimonio Cultural del pa\u00eds, como parte del proyecto Artesan\u00edas de Producci\u00f3n Milenaria, desarrollado con el auspicio de la AECID.\u00a0 M\u00e1s informaci\u00f3n Localidad : Tiyuyacu, Venecia ,derecha, Ahuano,San&hellip;&nbsp;<a href=\"https:\/\/amazonia.ikiam.edu.ec\/?page_id=114\" class=\"\" rel=\"bookmark\">Read More &raquo;<span class=\"screen-reader-text\">ficha de registro<\/span><\/a><\/p>\n","protected":false},"author":2,"featured_media":0,"parent":0,"menu_order":0,"comment_status":"closed","ping_status":"closed","template":"page-templates\/template-pagebuilder-full-width.php","meta":[],"_links":{"self":[{"href":"https:\/\/amazonia.ikiam.edu.ec\/index.php?rest_route=\/wp\/v2\/pages\/114"}],"collection":[{"href":"https:\/\/amazonia.ikiam.edu.ec\/index.php?rest_route=\/wp\/v2\/pages"}],"about":[{"href":"https:\/\/amazonia.ikiam.edu.ec\/index.php?rest_route=\/wp\/v2\/types\/page"}],"author":[{"embeddable":true,"href":"https:\/\/amazonia.ikiam.edu.ec\/index.php?rest_route=\/wp\/v2\/users\/2"}],"replies":[{"embeddable":true,"href":"https:\/\/amazonia.ikiam.edu.ec\/index.php?rest_route=%2Fwp%2Fv2%2Fcomments&post=114"}],"version-history":[{"count":33,"href":"https:\/\/amazonia.ikiam.edu.ec\/index.php?rest_route=\/wp\/v2\/pages\/114\/revisions"}],"predecessor-version":[{"id":564,"href":"https:\/\/amazonia.ikiam.edu.ec\/index.php?rest_route=\/wp\/v2\/pages\/114\/revisions\/564"}],"wp:attachment":[{"href":"https:\/\/amazonia.ikiam.edu.ec\/index.php?rest_route=%2Fwp%2Fv2%2Fmedia&parent=114"}],"curies":[{"name":"wp","href":"https:\/\/api.w.org\/{rel}","templated":true}]}}