{"id":112,"date":"2020-09-20T00:39:49","date_gmt":"2020-09-20T00:39:49","guid":{"rendered":"https:\/\/amazonia.ikiam.edu.ec\/?page_id=112"},"modified":"2021-03-31T18:44:56","modified_gmt":"2021-03-31T18:44:56","slug":"documentos-academicos","status":"publish","type":"page","link":"https:\/\/amazonia.ikiam.edu.ec\/?page_id=112","title":{"rendered":"documentos acad\u00e9micos"},"content":{"rendered":"\t\t<div data-elementor-type=\"wp-page\" data-elementor-id=\"112\" class=\"elementor elementor-112\" data-elementor-settings=\"[]\">\n\t\t\t\t\t\t<div class=\"elementor-inner\">\n\t\t\t\t\t\t\t<div class=\"elementor-section-wrap\">\n\t\t\t\t\t\t\t<section class=\"elementor-section elementor-top-section elementor-element elementor-element-7fea340 elementor-section-boxed elementor-section-height-default elementor-section-height-default\" data-id=\"7fea340\" data-element_type=\"section\" data-settings=\"{&quot;background_background&quot;:&quot;classic&quot;}\">\n\t\t\t\t\t\t\t<div class=\"elementor-background-overlay\"><\/div>\n\t\t\t\t\t\t\t<div class=\"elementor-container elementor-column-gap-default\">\n\t\t\t\t\t\t\t<div class=\"elementor-row\">\n\t\t\t\t\t<div class=\"elementor-column elementor-col-100 elementor-top-column elementor-element elementor-element-c5c5da5\" data-id=\"c5c5da5\" data-element_type=\"column\">\n\t\t\t<div class=\"elementor-column-wrap elementor-element-populated\">\n\t\t\t\t\t\t\t<div class=\"elementor-widget-wrap\">\n\t\t\t\t\t\t<div class=\"elementor-element elementor-element-f774429 elementor-widget elementor-widget-heading\" data-id=\"f774429\" data-element_type=\"widget\" data-widget_type=\"heading.default\">\n\t\t\t\t<div class=\"elementor-widget-container\">\n\t\t\t<h1 class=\"elementor-heading-title elementor-size-default\">documentos acad\u00e9micos<\/h1>\t\t<\/div>\n\t\t\t\t<\/div>\n\t\t\t\t\t\t<\/div>\n\t\t\t\t\t<\/div>\n\t\t<\/div>\n\t\t\t\t\t\t\t\t<\/div>\n\t\t\t\t\t<\/div>\n\t\t<\/section>\n\t\t\t\t<section class=\"elementor-section elementor-top-section elementor-element elementor-element-4b893ee elementor-section-boxed elementor-section-height-default elementor-section-height-default\" data-id=\"4b893ee\" data-element_type=\"section\">\n\t\t\t\t\t\t<div class=\"elementor-container elementor-column-gap-default\">\n\t\t\t\t\t\t\t<div class=\"elementor-row\">\n\t\t\t\t\t<div class=\"elementor-column elementor-col-100 elementor-top-column elementor-element elementor-element-a38ed8c\" data-id=\"a38ed8c\" data-element_type=\"column\">\n\t\t\t<div class=\"elementor-column-wrap elementor-element-populated\">\n\t\t\t\t\t\t\t<div class=\"elementor-widget-wrap\">\n\t\t\t\t\t\t<div class=\"elementor-element elementor-element-2b609f8 elementor-widget elementor-widget-spacer\" data-id=\"2b609f8\" data-element_type=\"widget\" data-widget_type=\"spacer.default\">\n\t\t\t\t<div class=\"elementor-widget-container\">\n\t\t\t\t\t<div class=\"elementor-spacer\">\n\t\t\t<div class=\"elementor-spacer-inner\"><\/div>\n\t\t<\/div>\n\t\t\t\t<\/div>\n\t\t\t\t<\/div>\n\t\t\t\t\t\t<\/div>\n\t\t\t\t\t<\/div>\n\t\t<\/div>\n\t\t\t\t\t\t\t\t<\/div>\n\t\t\t\t\t<\/div>\n\t\t<\/section>\n\t\t\t\t<section class=\"elementor-section elementor-top-section elementor-element elementor-element-2f2a85f elementor-section-boxed elementor-section-height-default elementor-section-height-default\" data-id=\"2f2a85f\" data-element_type=\"section\">\n\t\t\t\t\t\t<div class=\"elementor-container elementor-column-gap-default\">\n\t\t\t\t\t\t\t<div class=\"elementor-row\">\n\t\t\t\t\t<div class=\"elementor-column elementor-col-50 elementor-top-column elementor-element elementor-element-5c176e2\" data-id=\"5c176e2\" data-element_type=\"column\">\n\t\t\t<div class=\"elementor-column-wrap elementor-element-populated\">\n\t\t\t\t\t\t\t<div class=\"elementor-widget-wrap\">\n\t\t\t\t\t\t<div class=\"elementor-element elementor-element-90b81fe elementor-widget elementor-widget-image\" data-id=\"90b81fe\" data-element_type=\"widget\" data-settings=\"{&quot;_animation&quot;:&quot;none&quot;}\" data-widget_type=\"image.default\">\n\t\t\t\t<div class=\"elementor-widget-container\">\n\t\t\t\t\t<div class=\"elementor-image\">\n\t\t\t\t\t\t\t\t\t\t\t<a href=\"https:\/\/amazonia.ikiam.edu.ec\/wp-content\/uploads\/2020\/10\/CAPITULO-VI.-INPC-Paleoambiente.pdf\">\n\t\t\t\t\t\t\t<img width=\"801\" height=\"801\" src=\"https:\/\/amazonia.ikiam.edu.ec\/wp-content\/uploads\/2020\/09\/documento2-100.jpg\" class=\"elementor-animation-shrink attachment-large size-large\" alt=\"\" loading=\"lazy\" srcset=\"https:\/\/amazonia.ikiam.edu.ec\/wp-content\/uploads\/2020\/09\/documento2-100.jpg 801w, https:\/\/amazonia.ikiam.edu.ec\/wp-content\/uploads\/2020\/09\/documento2-100-300x300.jpg 300w, https:\/\/amazonia.ikiam.edu.ec\/wp-content\/uploads\/2020\/09\/documento2-100-150x150.jpg 150w, https:\/\/amazonia.ikiam.edu.ec\/wp-content\/uploads\/2020\/09\/documento2-100-768x768.jpg 768w\" sizes=\"(max-width: 801px) 100vw, 801px\" \/>\t\t\t\t\t\t\t\t<\/a>\n\t\t\t\t\t\t\t\t\t\t\t<\/div>\n\t\t\t\t<\/div>\n\t\t\t\t<\/div>\n\t\t\t\t\t\t<\/div>\n\t\t\t\t\t<\/div>\n\t\t<\/div>\n\t\t\t\t<div class=\"elementor-column elementor-col-50 elementor-top-column elementor-element elementor-element-b846939\" data-id=\"b846939\" data-element_type=\"column\">\n\t\t\t<div class=\"elementor-column-wrap elementor-element-populated\">\n\t\t\t\t\t\t\t<div class=\"elementor-widget-wrap\">\n\t\t\t\t\t\t<div class=\"elementor-element elementor-element-31f0825 elementor-widget elementor-widget-image\" data-id=\"31f0825\" data-element_type=\"widget\" data-settings=\"{&quot;_animation&quot;:&quot;none&quot;}\" data-widget_type=\"image.default\">\n\t\t\t\t<div class=\"elementor-widget-container\">\n\t\t\t\t\t<div class=\"elementor-image\">\n\t\t\t\t\t\t\t\t\t\t\t<a href=\"https:\/\/amazonia.ikiam.edu.ec\/wp-content\/uploads\/2021\/03\/CRONOLOGIA-ABSOLUTA-PARA-EL-ANALISIS-DIACRONICO-DE-LA-SECUENCIA-DE-OCUPACION-DEL-SITIO-ARQUEOLOGICO-PASHIMBI-2021.pdf\">\n\t\t\t\t\t\t\t<img width=\"491\" height=\"491\" src=\"https:\/\/amazonia.ikiam.edu.ec\/wp-content\/uploads\/2021\/01\/CRONOLOGIA-ABSOLUTA-PARA-EL-ANALISIS-DIACRONICO-DE-LA-1.jpg\" class=\"elementor-animation-shrink attachment-large size-large\" alt=\"\" loading=\"lazy\" srcset=\"https:\/\/amazonia.ikiam.edu.ec\/wp-content\/uploads\/2021\/01\/CRONOLOGIA-ABSOLUTA-PARA-EL-ANALISIS-DIACRONICO-DE-LA-1.jpg 491w, https:\/\/amazonia.ikiam.edu.ec\/wp-content\/uploads\/2021\/01\/CRONOLOGIA-ABSOLUTA-PARA-EL-ANALISIS-DIACRONICO-DE-LA-1-300x300.jpg 300w, https:\/\/amazonia.ikiam.edu.ec\/wp-content\/uploads\/2021\/01\/CRONOLOGIA-ABSOLUTA-PARA-EL-ANALISIS-DIACRONICO-DE-LA-1-150x150.jpg 150w\" sizes=\"(max-width: 491px) 100vw, 491px\" \/>\t\t\t\t\t\t\t\t<\/a>\n\t\t\t\t\t\t\t\t\t\t\t<\/div>\n\t\t\t\t<\/div>\n\t\t\t\t<\/div>\n\t\t\t\t\t\t<\/div>\n\t\t\t\t\t<\/div>\n\t\t<\/div>\n\t\t\t\t\t\t\t\t<\/div>\n\t\t\t\t\t<\/div>\n\t\t<\/section>\n\t\t\t\t<section class=\"elementor-section elementor-top-section elementor-element elementor-element-f0b41f2 elementor-section-boxed elementor-section-height-default elementor-section-height-default\" data-id=\"f0b41f2\" data-element_type=\"section\">\n\t\t\t\t\t\t<div class=\"elementor-container elementor-column-gap-default\">\n\t\t\t\t\t\t\t<div class=\"elementor-row\">\n\t\t\t\t\t<div class=\"elementor-column elementor-col-50 elementor-top-column elementor-element elementor-element-1cc9ada\" data-id=\"1cc9ada\" data-element_type=\"column\">\n\t\t\t<div class=\"elementor-column-wrap elementor-element-populated\">\n\t\t\t\t\t\t\t<div class=\"elementor-widget-wrap\">\n\t\t\t\t\t\t<div class=\"elementor-element elementor-element-fe57ec2 elementor-widget elementor-widget-text-editor\" data-id=\"fe57ec2\" data-element_type=\"widget\" data-widget_type=\"text-editor.default\">\n\t\t\t\t<div class=\"elementor-widget-container\">\n\t\t\t\t\t<div class=\"elementor-text-editor elementor-clearfix\"><p style=\"text-align: justify;\"><strong>Como citar:<\/strong><\/p><p style=\"text-align: justify;\">Instituto Nacional de Patrimonio Cultural (2019) An\u00e1lisis de laboratorios, en: Sol\u00f3rzano-Venegas, M. (2020). <em>Pashimbi Milenario. Rescate y monitoreo arqueol\u00f3gico de las Instalaciones de la Universidad Regional Amaz\u00f3nica Ikiam.<\/em> Tena: Informe presentado al Instiuto Nacional de Patrimonio Cultural.<\/p><\/div>\n\t\t\t\t<\/div>\n\t\t\t\t<\/div>\n\t\t\t\t\t\t<\/div>\n\t\t\t\t\t<\/div>\n\t\t<\/div>\n\t\t\t\t<div class=\"elementor-column elementor-col-50 elementor-top-column elementor-element elementor-element-3a7c7ba\" data-id=\"3a7c7ba\" data-element_type=\"column\">\n\t\t\t<div class=\"elementor-column-wrap elementor-element-populated\">\n\t\t\t\t\t\t\t<div class=\"elementor-widget-wrap\">\n\t\t\t\t\t\t<div class=\"elementor-element elementor-element-b7b07fc elementor-widget elementor-widget-text-editor\" data-id=\"b7b07fc\" data-element_type=\"widget\" data-widget_type=\"text-editor.default\">\n\t\t\t\t<div class=\"elementor-widget-container\">\n\t\t\t\t\t<div class=\"elementor-text-editor elementor-clearfix\"><p style=\"text-align: justify;\"><strong>Como citar:<\/strong><\/p><p style=\"text-align: justify;\">Sol\u00f3rzano-Venegas\u00a0 M.S. (2021). <em>Cronolog\u00eda absoluta para el an\u00e1lisis diacr\u00f3nico de la secuencia de ocupaci\u00f3n del sitio arqueol\u00f3gico Pashimbi, Alta Amazon\u00eda Ecuatoriana<\/em>, Arqueolog\u00eda Iberoamericana. 47, 3-17.<\/p><\/div>\n\t\t\t\t<\/div>\n\t\t\t\t<\/div>\n\t\t\t\t\t\t<\/div>\n\t\t\t\t\t<\/div>\n\t\t<\/div>\n\t\t\t\t\t\t\t\t<\/div>\n\t\t\t\t\t<\/div>\n\t\t<\/section>\n\t\t\t\t<section class=\"elementor-section elementor-top-section elementor-element elementor-element-e71a096 elementor-section-boxed elementor-section-height-default elementor-section-height-default\" data-id=\"e71a096\" data-element_type=\"section\">\n\t\t\t\t\t\t<div class=\"elementor-container elementor-column-gap-default\">\n\t\t\t\t\t\t\t<div class=\"elementor-row\">\n\t\t\t\t\t<div class=\"elementor-column elementor-col-100 elementor-top-column elementor-element elementor-element-dda3263\" data-id=\"dda3263\" data-element_type=\"column\">\n\t\t\t<div class=\"elementor-column-wrap elementor-element-populated\">\n\t\t\t\t\t\t\t<div class=\"elementor-widget-wrap\">\n\t\t\t\t\t\t<div class=\"elementor-element elementor-element-4e3ea7f elementor-widget elementor-widget-spacer\" data-id=\"4e3ea7f\" data-element_type=\"widget\" data-widget_type=\"spacer.default\">\n\t\t\t\t<div class=\"elementor-widget-container\">\n\t\t\t\t\t<div class=\"elementor-spacer\">\n\t\t\t<div class=\"elementor-spacer-inner\"><\/div>\n\t\t<\/div>\n\t\t\t\t<\/div>\n\t\t\t\t<\/div>\n\t\t\t\t\t\t<\/div>\n\t\t\t\t\t<\/div>\n\t\t<\/div>\n\t\t\t\t\t\t\t\t<\/div>\n\t\t\t\t\t<\/div>\n\t\t<\/section>\n\t\t\t\t\t\t<\/div>\n\t\t\t\t\t\t<\/div>\n\t\t\t\t\t<\/div>\n\t\t","protected":false},"excerpt":{"rendered":"<p>documentos acad\u00e9micos Como citar: Instituto Nacional de Patrimonio Cultural (2019) An\u00e1lisis de laboratorios, en: Sol\u00f3rzano-Venegas, M. (2020). Pashimbi Milenario. Rescate y monitoreo arqueol\u00f3gico de las Instalaciones de la Universidad Regional Amaz\u00f3nica Ikiam. Tena: Informe presentado al Instiuto Nacional de Patrimonio Cultural. Como citar: Sol\u00f3rzano-Venegas\u00a0 M.S. (2021). Cronolog\u00eda absoluta para el an\u00e1lisis diacr\u00f3nico de la secuencia&hellip;&nbsp;<a href=\"https:\/\/amazonia.ikiam.edu.ec\/?page_id=112\" class=\"\" rel=\"bookmark\">Read More &raquo;<span class=\"screen-reader-text\">documentos acad\u00e9micos<\/span><\/a><\/p>\n","protected":false},"author":1,"featured_media":0,"parent":0,"menu_order":0,"comment_status":"closed","ping_status":"closed","template":"page-templates\/template-pagebuilder-full-width.php","meta":[],"_links":{"self":[{"href":"https:\/\/amazonia.ikiam.edu.ec\/index.php?rest_route=\/wp\/v2\/pages\/112"}],"collection":[{"href":"https:\/\/amazonia.ikiam.edu.ec\/index.php?rest_route=\/wp\/v2\/pages"}],"about":[{"href":"https:\/\/amazonia.ikiam.edu.ec\/index.php?rest_route=\/wp\/v2\/types\/page"}],"author":[{"embeddable":true,"href":"https:\/\/amazonia.ikiam.edu.ec\/index.php?rest_route=\/wp\/v2\/users\/1"}],"replies":[{"embeddable":true,"href":"https:\/\/amazonia.ikiam.edu.ec\/index.php?rest_route=%2Fwp%2Fv2%2Fcomments&post=112"}],"version-history":[{"count":30,"href":"https:\/\/amazonia.ikiam.edu.ec\/index.php?rest_route=\/wp\/v2\/pages\/112\/revisions"}],"predecessor-version":[{"id":1260,"href":"https:\/\/amazonia.ikiam.edu.ec\/index.php?rest_route=\/wp\/v2\/pages\/112\/revisions\/1260"}],"wp:attachment":[{"href":"https:\/\/amazonia.ikiam.edu.ec\/index.php?rest_route=%2Fwp%2Fv2%2Fmedia&parent=112"}],"curies":[{"name":"wp","href":"https:\/\/api.w.org\/{rel}","templated":true}]}}