{"id":1016,"date":"2020-11-30T21:36:59","date_gmt":"2020-11-30T21:36:59","guid":{"rendered":"https:\/\/amazonia.ikiam.edu.ec\/?page_id=1016"},"modified":"2021-01-15T14:17:33","modified_gmt":"2021-01-15T14:17:33","slug":"venecia","status":"publish","type":"page","link":"https:\/\/amazonia.ikiam.edu.ec\/?page_id=1016","title":{"rendered":"Venecia"},"content":{"rendered":"\t\t<div data-elementor-type=\"wp-page\" data-elementor-id=\"1016\" class=\"elementor elementor-1016\" data-elementor-settings=\"[]\">\n\t\t\t\t\t\t<div class=\"elementor-inner\">\n\t\t\t\t\t\t\t<div class=\"elementor-section-wrap\">\n\t\t\t\t\t\t\t<section class=\"elementor-section elementor-top-section elementor-element elementor-element-c0bde8f elementor-section-boxed elementor-section-height-default elementor-section-height-default\" data-id=\"c0bde8f\" data-element_type=\"section\" data-settings=\"{&quot;background_background&quot;:&quot;classic&quot;}\">\n\t\t\t\t\t\t\t<div class=\"elementor-background-overlay\"><\/div>\n\t\t\t\t\t\t\t<div class=\"elementor-container elementor-column-gap-default\">\n\t\t\t\t\t\t\t<div class=\"elementor-row\">\n\t\t\t\t\t<div class=\"elementor-column elementor-col-100 elementor-top-column elementor-element elementor-element-0a3a654\" data-id=\"0a3a654\" data-element_type=\"column\">\n\t\t\t<div class=\"elementor-column-wrap elementor-element-populated\">\n\t\t\t\t\t\t\t<div class=\"elementor-widget-wrap\">\n\t\t\t\t\t\t<div class=\"elementor-element elementor-element-ba5120e elementor-widget elementor-widget-heading\" data-id=\"ba5120e\" data-element_type=\"widget\" data-widget_type=\"heading.default\">\n\t\t\t\t<div class=\"elementor-widget-container\">\n\t\t\t<h1 class=\"elementor-heading-title elementor-size-default\">venecia derecha<\/h1>\t\t<\/div>\n\t\t\t\t<\/div>\n\t\t\t\t\t\t<\/div>\n\t\t\t\t\t<\/div>\n\t\t<\/div>\n\t\t\t\t\t\t\t\t<\/div>\n\t\t\t\t\t<\/div>\n\t\t<\/section>\n\t\t\t\t<section class=\"elementor-section elementor-top-section elementor-element elementor-element-7da6045 elementor-section-boxed elementor-section-height-default elementor-section-height-default\" data-id=\"7da6045\" data-element_type=\"section\">\n\t\t\t\t\t\t<div class=\"elementor-container elementor-column-gap-default\">\n\t\t\t\t\t\t\t<div class=\"elementor-row\">\n\t\t\t\t\t<div class=\"elementor-column elementor-col-100 elementor-top-column elementor-element elementor-element-72d859a\" data-id=\"72d859a\" data-element_type=\"column\">\n\t\t\t<div class=\"elementor-column-wrap elementor-element-populated\">\n\t\t\t\t\t\t\t<div class=\"elementor-widget-wrap\">\n\t\t\t\t\t\t<div class=\"elementor-element elementor-element-4495929 elementor-widget elementor-widget-spacer\" data-id=\"4495929\" data-element_type=\"widget\" data-widget_type=\"spacer.default\">\n\t\t\t\t<div class=\"elementor-widget-container\">\n\t\t\t\t\t<div class=\"elementor-spacer\">\n\t\t\t<div class=\"elementor-spacer-inner\"><\/div>\n\t\t<\/div>\n\t\t\t\t<\/div>\n\t\t\t\t<\/div>\n\t\t\t\t\t\t<\/div>\n\t\t\t\t\t<\/div>\n\t\t<\/div>\n\t\t\t\t\t\t\t\t<\/div>\n\t\t\t\t\t<\/div>\n\t\t<\/section>\n\t\t\t\t<section class=\"elementor-section elementor-top-section elementor-element elementor-element-64c5e25 elementor-section-boxed elementor-section-height-default elementor-section-height-default\" data-id=\"64c5e25\" data-element_type=\"section\">\n\t\t\t\t\t\t<div class=\"elementor-container elementor-column-gap-default\">\n\t\t\t\t\t\t\t<div class=\"elementor-row\">\n\t\t\t\t\t<div class=\"elementor-column elementor-col-33 elementor-top-column elementor-element elementor-element-217eac5\" data-id=\"217eac5\" data-element_type=\"column\">\n\t\t\t<div class=\"elementor-column-wrap elementor-element-populated\">\n\t\t\t\t\t\t\t<div class=\"elementor-widget-wrap\">\n\t\t\t\t\t\t<div class=\"elementor-element elementor-element-d876273 elementor-widget elementor-widget-image\" data-id=\"d876273\" data-element_type=\"widget\" data-widget_type=\"image.default\">\n\t\t\t\t<div class=\"elementor-widget-container\">\n\t\t\t\t\t<div class=\"elementor-image\">\n\t\t\t\t\t\t\t\t\t\t<img width=\"600\" height=\"800\" src=\"https:\/\/amazonia.ikiam.edu.ec\/wp-content\/uploads\/2020\/12\/Rosalina.png\" class=\"attachment-large size-large\" alt=\"\" loading=\"lazy\" srcset=\"https:\/\/amazonia.ikiam.edu.ec\/wp-content\/uploads\/2020\/12\/Rosalina.png 600w, https:\/\/amazonia.ikiam.edu.ec\/wp-content\/uploads\/2020\/12\/Rosalina-225x300.png 225w\" sizes=\"(max-width: 600px) 100vw, 600px\" \/>\t\t\t\t\t\t\t\t\t\t\t<\/div>\n\t\t\t\t<\/div>\n\t\t\t\t<\/div>\n\t\t\t\t<div class=\"elementor-element elementor-element-a0fcf8b elementor-align-center elementor-widget elementor-widget-button\" data-id=\"a0fcf8b\" data-element_type=\"widget\" data-widget_type=\"button.default\">\n\t\t\t\t<div class=\"elementor-widget-container\">\n\t\t\t\t\t<div class=\"elementor-button-wrapper\">\n\t\t\t<a href=\"https:\/\/amazonia.ikiam.edu.ec\/wp-content\/uploads\/2020\/12\/PS1501512020000012-ANDI-CERDA-ROSALINDA.pdf\" class=\"elementor-button-link elementor-button elementor-size-lg\" role=\"button\">\n\t\t\t\t\t\t<span class=\"elementor-button-content-wrapper\">\n\t\t\t\t\t\t<span class=\"elementor-button-text\">M\u00e1s informaci\u00f3n<\/span>\n\t\t<\/span>\n\t\t\t\t\t<\/a>\n\t\t<\/div>\n\t\t\t\t<\/div>\n\t\t\t\t<\/div>\n\t\t\t\t\t\t<\/div>\n\t\t\t\t\t<\/div>\n\t\t<\/div>\n\t\t\t\t<div class=\"elementor-column elementor-col-66 elementor-top-column elementor-element elementor-element-e343c13\" data-id=\"e343c13\" data-element_type=\"column\" data-settings=\"{&quot;background_background&quot;:&quot;classic&quot;}\">\n\t\t\t<div class=\"elementor-column-wrap elementor-element-populated\">\n\t\t\t\t\t\t\t<div class=\"elementor-widget-wrap\">\n\t\t\t\t\t\t<div class=\"elementor-element elementor-element-de3b553 elementor-widget elementor-widget-text-editor\" data-id=\"de3b553\" data-element_type=\"widget\" data-widget_type=\"text-editor.default\">\n\t\t\t\t<div class=\"elementor-widget-container\">\n\t\t\t\t\t<div class=\"elementor-text-editor elementor-clearfix\"><table><tbody><tr><td><strong>Nombre:<\/strong><\/td><td>ANDI CERDA ROSALINA ANGELINA\u00a0<\/td><\/tr><tr><td><strong>Lengua originaria:<\/strong><\/td><td>Kichwa Quijos -Amaz\u00f3nico<\/td><\/tr><tr><td><strong>Artesanos (t\u00e9cnicas tradicionales):<\/strong><\/td><td>Alfarer\u00eda<\/td><\/tr><tr><td><strong>Denominaci\u00f3n:<\/strong><\/td><td>Alfarer\u00eda de la provincia de Napo utilizando materiales y t\u00e9cnicas tradiconales (Ficha de registro de manifestaci\u00f3n)<\/td><\/tr><tr><td><strong>\u00c1mbito:<\/strong><\/td><td>T\u00e9cnicas artesanales tradicionales<\/td><\/tr><tr><td><strong>Sub\u00e1mbito:<\/strong><\/td><td>T\u00e9cnicas artesanales tradicionales<\/td><\/tr><tr><td><strong>Detalle del sub\u00e1mbito:<\/strong><\/td><td>Alfarer\u00eda<\/td><\/tr><tr><td><strong>A\u00f1os de experiencia:<\/strong><\/td><td>50 a\u00f1os<\/td><\/tr><\/tbody><\/table><\/div>\n\t\t\t\t<\/div>\n\t\t\t\t<\/div>\n\t\t\t\t\t\t<\/div>\n\t\t\t\t\t<\/div>\n\t\t<\/div>\n\t\t\t\t\t\t\t\t<\/div>\n\t\t\t\t\t<\/div>\n\t\t<\/section>\n\t\t\t\t<section class=\"elementor-section elementor-top-section elementor-element elementor-element-d1ddb53 elementor-section-boxed elementor-section-height-default elementor-section-height-default\" data-id=\"d1ddb53\" data-element_type=\"section\">\n\t\t\t\t\t\t<div class=\"elementor-container elementor-column-gap-default\">\n\t\t\t\t\t\t\t<div class=\"elementor-row\">\n\t\t\t\t\t<div class=\"elementor-column elementor-col-100 elementor-top-column elementor-element elementor-element-15d0797\" data-id=\"15d0797\" data-element_type=\"column\">\n\t\t\t<div class=\"elementor-column-wrap elementor-element-populated\">\n\t\t\t\t\t\t\t<div class=\"elementor-widget-wrap\">\n\t\t\t\t\t\t<div class=\"elementor-element elementor-element-1764fc4 elementor-widget elementor-widget-spacer\" data-id=\"1764fc4\" data-element_type=\"widget\" data-widget_type=\"spacer.default\">\n\t\t\t\t<div class=\"elementor-widget-container\">\n\t\t\t\t\t<div class=\"elementor-spacer\">\n\t\t\t<div class=\"elementor-spacer-inner\"><\/div>\n\t\t<\/div>\n\t\t\t\t<\/div>\n\t\t\t\t<\/div>\n\t\t\t\t\t\t<\/div>\n\t\t\t\t\t<\/div>\n\t\t<\/div>\n\t\t\t\t\t\t\t\t<\/div>\n\t\t\t\t\t<\/div>\n\t\t<\/section>\n\t\t\t\t<section class=\"elementor-section elementor-top-section elementor-element elementor-element-c357bf5 elementor-section-boxed elementor-section-height-default elementor-section-height-default\" data-id=\"c357bf5\" data-element_type=\"section\">\n\t\t\t\t\t\t<div class=\"elementor-container elementor-column-gap-default\">\n\t\t\t\t\t\t\t<div class=\"elementor-row\">\n\t\t\t\t\t<div class=\"elementor-column elementor-col-33 elementor-top-column elementor-element elementor-element-ea8cf4f\" data-id=\"ea8cf4f\" data-element_type=\"column\">\n\t\t\t<div class=\"elementor-column-wrap elementor-element-populated\">\n\t\t\t\t\t\t\t<div class=\"elementor-widget-wrap\">\n\t\t\t\t\t\t<div class=\"elementor-element elementor-element-748f0ab elementor-widget elementor-widget-image\" data-id=\"748f0ab\" data-element_type=\"widget\" data-widget_type=\"image.default\">\n\t\t\t\t<div class=\"elementor-widget-container\">\n\t\t\t\t\t<div class=\"elementor-image\">\n\t\t\t\t\t\t\t\t\t\t<img width=\"600\" height=\"800\" src=\"https:\/\/amazonia.ikiam.edu.ec\/wp-content\/uploads\/2020\/12\/luis.jpg\" class=\"attachment-large size-large\" alt=\"\" loading=\"lazy\" srcset=\"https:\/\/amazonia.ikiam.edu.ec\/wp-content\/uploads\/2020\/12\/luis.jpg 600w, https:\/\/amazonia.ikiam.edu.ec\/wp-content\/uploads\/2020\/12\/luis-225x300.jpg 225w\" sizes=\"(max-width: 600px) 100vw, 600px\" \/>\t\t\t\t\t\t\t\t\t\t\t<\/div>\n\t\t\t\t<\/div>\n\t\t\t\t<\/div>\n\t\t\t\t<div class=\"elementor-element elementor-element-9e803e0 elementor-align-center elementor-widget elementor-widget-button\" data-id=\"9e803e0\" data-element_type=\"widget\" data-widget_type=\"button.default\">\n\t\t\t\t<div class=\"elementor-widget-container\">\n\t\t\t\t\t<div class=\"elementor-button-wrapper\">\n\t\t\t<a href=\"https:\/\/amazonia.ikiam.edu.ec\/wp-content\/uploads\/2021\/01\/PS1501512020000004-LUIS-CUNES-ANDI.pdf\" class=\"elementor-button-link elementor-button elementor-size-lg\" role=\"button\">\n\t\t\t\t\t\t<span class=\"elementor-button-content-wrapper\">\n\t\t\t\t\t\t<span class=\"elementor-button-text\">M\u00e1s informaci\u00f3n<\/span>\n\t\t<\/span>\n\t\t\t\t\t<\/a>\n\t\t<\/div>\n\t\t\t\t<\/div>\n\t\t\t\t<\/div>\n\t\t\t\t\t\t<\/div>\n\t\t\t\t\t<\/div>\n\t\t<\/div>\n\t\t\t\t<div class=\"elementor-column elementor-col-66 elementor-top-column elementor-element elementor-element-fe21ba2\" data-id=\"fe21ba2\" data-element_type=\"column\" data-settings=\"{&quot;background_background&quot;:&quot;classic&quot;}\">\n\t\t\t<div class=\"elementor-column-wrap elementor-element-populated\">\n\t\t\t\t\t\t\t<div class=\"elementor-widget-wrap\">\n\t\t\t\t\t\t<div class=\"elementor-element elementor-element-5494266 elementor-widget elementor-widget-text-editor\" data-id=\"5494266\" data-element_type=\"widget\" data-widget_type=\"text-editor.default\">\n\t\t\t\t<div class=\"elementor-widget-container\">\n\t\t\t\t\t<div class=\"elementor-text-editor elementor-clearfix\"><table>\n<tbody>\n<tr>\n<td><strong>Nombre:<\/strong><\/td>\n<td>CU\u00d1ES ANDY LUIS EDUARDO<\/td>\n<\/tr>\n<tr>\n<td><strong>Lengua originaria:<\/strong><\/td>\n<td>Kichwa Quijos -Amaz\u00f3nico<\/td>\n<\/tr>\n<tr>\n<td><strong>Artesanos (t\u00e9cnicas tradicionales):<\/strong><\/td>\n<td>Alfarer\u00eda<\/td>\n<\/tr>\n<tr>\n<td><strong>Denominaci\u00f3n:<\/strong><\/td>\n<td>Alfarer\u00eda de la provincia de Napo utilizando materiales y t\u00e9cnicas tradiconales (Ficha de registro de manifestaci\u00f3n)<\/td>\n<\/tr>\n<tr>\n<td><strong>\u00c1mbito:<\/strong><\/td>\n<td>T\u00e9cnicas artesanales tradicionales<\/td>\n<\/tr>\n<tr>\n<td><strong>Sub\u00e1mbito:<\/strong><\/td>\n<td>T\u00e9cnicas artesanales tradicionales<\/td>\n<\/tr>\n<tr>\n<td><strong>Detalle del sub\u00e1mbito:<\/strong><\/td>\n<td>Alfarer\u00eda<\/td>\n<\/tr>\n<tr>\n<td><strong>A\u00f1os de experiencia:<\/strong><\/td>\n<td>25 a\u00f1os<\/td>\n<\/tr>\n<\/tbody>\n<\/table><\/div>\n\t\t\t\t<\/div>\n\t\t\t\t<\/div>\n\t\t\t\t\t\t<\/div>\n\t\t\t\t\t<\/div>\n\t\t<\/div>\n\t\t\t\t\t\t\t\t<\/div>\n\t\t\t\t\t<\/div>\n\t\t<\/section>\n\t\t\t\t\t\t<\/div>\n\t\t\t\t\t\t<\/div>\n\t\t\t\t\t<\/div>\n\t\t","protected":false},"excerpt":{"rendered":"<p>venecia derecha M\u00e1s informaci\u00f3n Nombre: ANDI CERDA ROSALINA ANGELINA\u00a0 Lengua originaria: Kichwa Quijos -Amaz\u00f3nico Artesanos (t\u00e9cnicas tradicionales): Alfarer\u00eda Denominaci\u00f3n: Alfarer\u00eda de la provincia de Napo utilizando materiales y t\u00e9cnicas tradiconales (Ficha de registro de manifestaci\u00f3n) \u00c1mbito: T\u00e9cnicas artesanales tradicionales Sub\u00e1mbito: T\u00e9cnicas artesanales tradicionales Detalle del sub\u00e1mbito: Alfarer\u00eda A\u00f1os de experiencia: 50 a\u00f1os M\u00e1s informaci\u00f3n Nombre:&hellip;&nbsp;<a href=\"https:\/\/amazonia.ikiam.edu.ec\/?page_id=1016\" class=\"\" rel=\"bookmark\">Read More &raquo;<span class=\"screen-reader-text\">Venecia<\/span><\/a><\/p>\n","protected":false},"author":2,"featured_media":0,"parent":0,"menu_order":0,"comment_status":"closed","ping_status":"closed","template":"page-templates\/template-pagebuilder-full-width.php","meta":[],"_links":{"self":[{"href":"https:\/\/amazonia.ikiam.edu.ec\/index.php?rest_route=\/wp\/v2\/pages\/1016"}],"collection":[{"href":"https:\/\/amazonia.ikiam.edu.ec\/index.php?rest_route=\/wp\/v2\/pages"}],"about":[{"href":"https:\/\/amazonia.ikiam.edu.ec\/index.php?rest_route=\/wp\/v2\/types\/page"}],"author":[{"embeddable":true,"href":"https:\/\/amazonia.ikiam.edu.ec\/index.php?rest_route=\/wp\/v2\/users\/2"}],"replies":[{"embeddable":true,"href":"https:\/\/amazonia.ikiam.edu.ec\/index.php?rest_route=%2Fwp%2Fv2%2Fcomments&post=1016"}],"version-history":[{"count":15,"href":"https:\/\/amazonia.ikiam.edu.ec\/index.php?rest_route=\/wp\/v2\/pages\/1016\/revisions"}],"predecessor-version":[{"id":1212,"href":"https:\/\/amazonia.ikiam.edu.ec\/index.php?rest_route=\/wp\/v2\/pages\/1016\/revisions\/1212"}],"wp:attachment":[{"href":"https:\/\/amazonia.ikiam.edu.ec\/index.php?rest_route=%2Fwp%2Fv2%2Fmedia&parent=1016"}],"curies":[{"name":"wp","href":"https:\/\/api.w.org\/{rel}","templated":true}]}}